{"id":32,"date":"2021-02-16T14:23:55","date_gmt":"2021-02-16T14:23:55","guid":{"rendered":"https:\/\/vrysac.es\/webwp\/?page_id=32"},"modified":"2025-12-03T09:26:57","modified_gmt":"2025-12-03T09:26:57","slug":"sobre-nosotros","status":"publish","type":"page","link":"https:\/\/vrysac.es\/webwp\/sobre-nosotros\/","title":{"rendered":"Sobre nosotros"},"content":{"rendered":"\n<figure class=\"wp-block-image aligncenter size-large is-resized\"><img data-recalc-dims=\"1\" loading=\"lazy\" decoding=\"async\" width=\"1024\" height=\"305\" src=\"https:\/\/i0.wp.com\/vrysac.es\/webwp\/wp-content\/uploads\/2021\/02\/VRYSAC-nuevo-solo.png?resize=1024%2C305&#038;ssl=1\" alt=\"Logo VRYSAC. Empresa de embalaje Murcia\" class=\"wp-image-29\" style=\"aspect-ratio:3.357590116771027;width:368px;height:auto\"\/><\/figure>\n\n\n\n<div class=\"wp-block-group is-layout-flow wp-block-group-is-layout-flow\">\n<div class=\"wp-block-group is-layout-flow wp-block-group-is-layout-flow\">\n<p><strong>VRYSAC<\/strong>&nbsp;es una empresa espa\u00f1ola ubicada en Murcia dedicada al almacenaje y distribuci\u00f3n de todo tipo de&nbsp;<strong>embalaje flexible<\/strong>, como sacos de rafia, sacos de papel, big bags, bolsas de pl\u00e1stico, mallas agr\u00edcolas, etc\u2026<\/p>\n\n\n\n<p>Desde su creaci\u00f3n a finales de la d\u00e9cada de los 50 del siglo pasado hasta d\u00eda de hoy, el crecimiento ha sido constante. Desde la actual ubicaci\u00f3n en una nave industrial del Pol\u00edgono Oeste de Alcantarilla (Murcia) se sirven todo tipo de productos de embalaje pl\u00e1stico, mallas, maquinaria e incluso c\u00e9sped artificial a toda Espa\u00f1a.<\/p>\n\n\n\n<p>Nuestras instalaciones cuentan con un gran almac\u00e9n que nos permite disponibilidad inmediata para m\u00e1s de 300 referencias. Tambi\u00e9n disponemos de maquinaria para la&nbsp;<strong>personalizaci\u00f3n de sacos,&nbsp;<\/strong>pudiendo imprimir sacos de rafia, de papel o de yute hasta en 3 colores y tanto&nbsp;peque\u00f1as tiradas como grandes.<\/p>\n\n\n\n<div class=\"wp-block-buttons is-content-justification-center is-layout-flex wp-container-core-buttons-is-layout-a89b3969 wp-block-buttons-is-layout-flex\" style=\"border-radius:12px\">\n<div class=\"wp-block-button has-custom-width wp-block-button__width-75 is-style-outline is-style-outline--1\"><a class=\"wp-block-button__link has-base-2-color has-text-color has-background has-link-color wp-element-button\" href=\"https:\/\/vrysac.es\/webwp\/contacto\/\" style=\"background-color:#2e39bc\">Contacto<\/a><\/div>\n<\/div>\n\n\n\n<p><strong>\u00bfD\u00d3NDE ESTAMOS?<\/strong><\/p>\n<\/div>\n<\/div>\n\n\n\n<div class=\"wp-block-columns alignfull are-vertically-aligned-center is-layout-flex wp-container-core-columns-is-layout-28f84493 wp-block-columns-is-layout-flex\">\n<div class=\"wp-block-column is-vertically-aligned-center is-layout-flow wp-block-column-is-layout-flow\" style=\"flex-basis:33.34%\"><\/div>\n\n\n\n<div class=\"wp-block-column is-vertically-aligned-center is-layout-flow wp-block-column-is-layout-flow\" style=\"flex-basis:33.34%\">\n<iframe loading=\"lazy\" src=\"https:\/\/www.google.com\/maps\/embed?pb=!1m18!1m12!1m3!1d1528.0866367567019!2d-1.1914371150404492!3d37.96018713405443!2m3!1f0!2f0!3f0!3m2!1i1024!2i768!4f13.1!3m3!1m2!1s0xd637f929554bacd%3A0xffaa8fc4d7014ab1!2sVicente%20Rodr%C3%ADguez%20Yelo!5e0!3m2!1ses!2ses!4v1613649030361!5m2!1ses!2ses\" width=\"600\" height=\"450\" frameborder=\"0\" style=\"border:0;\" allowfullscreen=\"\" aria-hidden=\"false\" tabindex=\"0\"><\/iframe>\n<\/div>\n\n\n\n<div class=\"wp-block-column is-vertically-aligned-center is-layout-flow wp-block-column-is-layout-flow\" style=\"flex-basis:33.33%\"><\/div>\n<\/div>\n\n\n\n<p><\/p>\n","protected":false},"excerpt":{"rendered":"<p>VRYSAC&nbsp;es una empresa espa\u00f1ola ubicada en Murcia dedicada al almacenaje y distribuci\u00f3n de todo tipo de&nbsp;embalaje flexible, como sacos de rafia, sacos de papel, big bags, bolsas de pl\u00e1stico, mallas agr\u00edcolas, etc\u2026 Desde su creaci\u00f3n a finales de la d\u00e9cada de los 50 del siglo pasado hasta d\u00eda de hoy, el crecimiento ha sido constante. [&hellip;]<\/p>\n","protected":false},"author":1,"featured_media":0,"parent":0,"menu_order":0,"comment_status":"closed","ping_status":"closed","template":"","meta":{"footnotes":""},"class_list":["post-32","page","type-page","status-publish","hentry"],"yoast_head":"<!-- This site is optimized with the Yoast SEO plugin v27.3 - https:\/\/yoast.com\/product\/yoast-seo-wordpress\/ -->\n<title>Sobre nosotros. Empresa de embalaje en Murcia - Vrysac<\/title>\n<meta name=\"description\" content=\"VRYSAC\u00a0es una empresa espa\u00f1ola ubicada en Murcia dedicada al almacenaje y distribuci\u00f3n de todo tipo de\u00a0embalaje flexible.\" \/>\n<meta name=\"robots\" content=\"index, follow, max-snippet:-1, max-image-preview:large, max-video-preview:-1\" \/>\n<link rel=\"canonical\" href=\"https:\/\/vrysac.es\/webwp\/sobre-nosotros\/\" \/>\n<meta property=\"og:locale\" content=\"es_ES\" \/>\n<meta property=\"og:type\" content=\"article\" \/>\n<meta property=\"og:title\" content=\"Sobre nosotros. Empresa de embalaje en Murcia - Vrysac\" \/>\n<meta property=\"og:description\" content=\"VRYSAC\u00a0es una empresa espa\u00f1ola ubicada en Murcia dedicada al almacenaje y distribuci\u00f3n de todo tipo de\u00a0embalaje flexible.\" \/>\n<meta property=\"og:url\" content=\"https:\/\/vrysac.es\/webwp\/sobre-nosotros\/\" \/>\n<meta property=\"og:site_name\" content=\"Vrysac\" \/>\n<meta property=\"article:modified_time\" content=\"2025-12-03T09:26:57+00:00\" \/>\n<meta property=\"og:image\" content=\"https:\/\/vrysac.es\/webwp\/wp-content\/uploads\/2021\/02\/VRYSAC-nuevo-solo-1024x305.png\" \/>\n<meta name=\"twitter:card\" content=\"summary_large_image\" \/>\n<meta name=\"twitter:label1\" content=\"Tiempo de lectura\" \/>\n\t<meta name=\"twitter:data1\" content=\"1 minuto\" \/>\n<script type=\"application\/ld+json\" class=\"yoast-schema-graph\">{\"@context\":\"https:\\\/\\\/schema.org\",\"@graph\":[{\"@type\":\"WebPage\",\"@id\":\"https:\\\/\\\/vrysac.es\\\/webwp\\\/sobre-nosotros\\\/\",\"url\":\"https:\\\/\\\/vrysac.es\\\/webwp\\\/sobre-nosotros\\\/\",\"name\":\"Sobre nosotros. Empresa de embalaje en Murcia - Vrysac\",\"isPartOf\":{\"@id\":\"https:\\\/\\\/vrysac.es\\\/webwp\\\/#website\"},\"primaryImageOfPage\":{\"@id\":\"https:\\\/\\\/vrysac.es\\\/webwp\\\/sobre-nosotros\\\/#primaryimage\"},\"image\":{\"@id\":\"https:\\\/\\\/vrysac.es\\\/webwp\\\/sobre-nosotros\\\/#primaryimage\"},\"thumbnailUrl\":\"https:\\\/\\\/vrysac.es\\\/webwp\\\/wp-content\\\/uploads\\\/2021\\\/02\\\/VRYSAC-nuevo-solo-1024x305.png\",\"datePublished\":\"2021-02-16T14:23:55+00:00\",\"dateModified\":\"2025-12-03T09:26:57+00:00\",\"description\":\"VRYSAC\u00a0es una empresa espa\u00f1ola ubicada en Murcia dedicada al almacenaje y distribuci\u00f3n de todo tipo de\u00a0embalaje flexible.\",\"breadcrumb\":{\"@id\":\"https:\\\/\\\/vrysac.es\\\/webwp\\\/sobre-nosotros\\\/#breadcrumb\"},\"inLanguage\":\"es\",\"potentialAction\":[{\"@type\":\"ReadAction\",\"target\":[\"https:\\\/\\\/vrysac.es\\\/webwp\\\/sobre-nosotros\\\/\"]}]},{\"@type\":\"ImageObject\",\"inLanguage\":\"es\",\"@id\":\"https:\\\/\\\/vrysac.es\\\/webwp\\\/sobre-nosotros\\\/#primaryimage\",\"url\":\"https:\\\/\\\/vrysac.es\\\/webwp\\\/wp-content\\\/uploads\\\/2021\\\/02\\\/VRYSAC-nuevo-solo-1024x305.png\",\"contentUrl\":\"https:\\\/\\\/vrysac.es\\\/webwp\\\/wp-content\\\/uploads\\\/2021\\\/02\\\/VRYSAC-nuevo-solo-1024x305.png\"},{\"@type\":\"BreadcrumbList\",\"@id\":\"https:\\\/\\\/vrysac.es\\\/webwp\\\/sobre-nosotros\\\/#breadcrumb\",\"itemListElement\":[{\"@type\":\"ListItem\",\"position\":1,\"name\":\"Portada\",\"item\":\"https:\\\/\\\/vrysac.es\\\/webwp\\\/\"},{\"@type\":\"ListItem\",\"position\":2,\"name\":\"Sobre nosotros\"}]},{\"@type\":\"WebSite\",\"@id\":\"https:\\\/\\\/vrysac.es\\\/webwp\\\/#website\",\"url\":\"https:\\\/\\\/vrysac.es\\\/webwp\\\/\",\"name\":\"Vrysac\",\"description\":\"Distribuidor de envase flexible\",\"publisher\":{\"@id\":\"https:\\\/\\\/vrysac.es\\\/webwp\\\/#organization\"},\"potentialAction\":[{\"@type\":\"SearchAction\",\"target\":{\"@type\":\"EntryPoint\",\"urlTemplate\":\"https:\\\/\\\/vrysac.es\\\/webwp\\\/?s={search_term_string}\"},\"query-input\":{\"@type\":\"PropertyValueSpecification\",\"valueRequired\":true,\"valueName\":\"search_term_string\"}}],\"inLanguage\":\"es\"},{\"@type\":\"Organization\",\"@id\":\"https:\\\/\\\/vrysac.es\\\/webwp\\\/#organization\",\"name\":\"Vicente Rodr\u00edguez Yelo\",\"url\":\"https:\\\/\\\/vrysac.es\\\/webwp\\\/\",\"logo\":{\"@type\":\"ImageObject\",\"inLanguage\":\"es\",\"@id\":\"https:\\\/\\\/vrysac.es\\\/webwp\\\/#\\\/schema\\\/logo\\\/image\\\/\",\"url\":\"https:\\\/\\\/i0.wp.com\\\/vrysac.es\\\/webwp\\\/wp-content\\\/uploads\\\/2021\\\/02\\\/VRYSAC-nuevo-solo-e1613652516102.png?fit=670%2C200&ssl=1\",\"contentUrl\":\"https:\\\/\\\/i0.wp.com\\\/vrysac.es\\\/webwp\\\/wp-content\\\/uploads\\\/2021\\\/02\\\/VRYSAC-nuevo-solo-e1613652516102.png?fit=670%2C200&ssl=1\",\"width\":670,\"height\":200,\"caption\":\"Vicente Rodr\u00edguez Yelo\"},\"image\":{\"@id\":\"https:\\\/\\\/vrysac.es\\\/webwp\\\/#\\\/schema\\\/logo\\\/image\\\/\"},\"sameAs\":[\"https:\\\/\\\/www.instagram.com\\\/vrysac_mur\\\/\"]}]}<\/script>\n<!-- \/ Yoast SEO plugin. -->","yoast_head_json":{"title":"Sobre nosotros. Empresa de embalaje en Murcia - Vrysac","description":"VRYSAC\u00a0es una empresa espa\u00f1ola ubicada en Murcia dedicada al almacenaje y distribuci\u00f3n de todo tipo de\u00a0embalaje flexible.","robots":{"index":"index","follow":"follow","max-snippet":"max-snippet:-1","max-image-preview":"max-image-preview:large","max-video-preview":"max-video-preview:-1"},"canonical":"https:\/\/vrysac.es\/webwp\/sobre-nosotros\/","og_locale":"es_ES","og_type":"article","og_title":"Sobre nosotros. Empresa de embalaje en Murcia - Vrysac","og_description":"VRYSAC\u00a0es una empresa espa\u00f1ola ubicada en Murcia dedicada al almacenaje y distribuci\u00f3n de todo tipo de\u00a0embalaje flexible.","og_url":"https:\/\/vrysac.es\/webwp\/sobre-nosotros\/","og_site_name":"Vrysac","article_modified_time":"2025-12-03T09:26:57+00:00","og_image":[{"url":"https:\/\/vrysac.es\/webwp\/wp-content\/uploads\/2021\/02\/VRYSAC-nuevo-solo-1024x305.png","type":"","width":"","height":""}],"twitter_card":"summary_large_image","twitter_misc":{"Tiempo de lectura":"1 minuto"},"schema":{"@context":"https:\/\/schema.org","@graph":[{"@type":"WebPage","@id":"https:\/\/vrysac.es\/webwp\/sobre-nosotros\/","url":"https:\/\/vrysac.es\/webwp\/sobre-nosotros\/","name":"Sobre nosotros. Empresa de embalaje en Murcia - Vrysac","isPartOf":{"@id":"https:\/\/vrysac.es\/webwp\/#website"},"primaryImageOfPage":{"@id":"https:\/\/vrysac.es\/webwp\/sobre-nosotros\/#primaryimage"},"image":{"@id":"https:\/\/vrysac.es\/webwp\/sobre-nosotros\/#primaryimage"},"thumbnailUrl":"https:\/\/vrysac.es\/webwp\/wp-content\/uploads\/2021\/02\/VRYSAC-nuevo-solo-1024x305.png","datePublished":"2021-02-16T14:23:55+00:00","dateModified":"2025-12-03T09:26:57+00:00","description":"VRYSAC\u00a0es una empresa espa\u00f1ola ubicada en Murcia dedicada al almacenaje y distribuci\u00f3n de todo tipo de\u00a0embalaje flexible.","breadcrumb":{"@id":"https:\/\/vrysac.es\/webwp\/sobre-nosotros\/#breadcrumb"},"inLanguage":"es","potentialAction":[{"@type":"ReadAction","target":["https:\/\/vrysac.es\/webwp\/sobre-nosotros\/"]}]},{"@type":"ImageObject","inLanguage":"es","@id":"https:\/\/vrysac.es\/webwp\/sobre-nosotros\/#primaryimage","url":"https:\/\/vrysac.es\/webwp\/wp-content\/uploads\/2021\/02\/VRYSAC-nuevo-solo-1024x305.png","contentUrl":"https:\/\/vrysac.es\/webwp\/wp-content\/uploads\/2021\/02\/VRYSAC-nuevo-solo-1024x305.png"},{"@type":"BreadcrumbList","@id":"https:\/\/vrysac.es\/webwp\/sobre-nosotros\/#breadcrumb","itemListElement":[{"@type":"ListItem","position":1,"name":"Portada","item":"https:\/\/vrysac.es\/webwp\/"},{"@type":"ListItem","position":2,"name":"Sobre nosotros"}]},{"@type":"WebSite","@id":"https:\/\/vrysac.es\/webwp\/#website","url":"https:\/\/vrysac.es\/webwp\/","name":"Vrysac","description":"Distribuidor de envase flexible","publisher":{"@id":"https:\/\/vrysac.es\/webwp\/#organization"},"potentialAction":[{"@type":"SearchAction","target":{"@type":"EntryPoint","urlTemplate":"https:\/\/vrysac.es\/webwp\/?s={search_term_string}"},"query-input":{"@type":"PropertyValueSpecification","valueRequired":true,"valueName":"search_term_string"}}],"inLanguage":"es"},{"@type":"Organization","@id":"https:\/\/vrysac.es\/webwp\/#organization","name":"Vicente Rodr\u00edguez Yelo","url":"https:\/\/vrysac.es\/webwp\/","logo":{"@type":"ImageObject","inLanguage":"es","@id":"https:\/\/vrysac.es\/webwp\/#\/schema\/logo\/image\/","url":"https:\/\/i0.wp.com\/vrysac.es\/webwp\/wp-content\/uploads\/2021\/02\/VRYSAC-nuevo-solo-e1613652516102.png?fit=670%2C200&ssl=1","contentUrl":"https:\/\/i0.wp.com\/vrysac.es\/webwp\/wp-content\/uploads\/2021\/02\/VRYSAC-nuevo-solo-e1613652516102.png?fit=670%2C200&ssl=1","width":670,"height":200,"caption":"Vicente Rodr\u00edguez Yelo"},"image":{"@id":"https:\/\/vrysac.es\/webwp\/#\/schema\/logo\/image\/"},"sameAs":["https:\/\/www.instagram.com\/vrysac_mur\/"]}]}},"jetpack-related-posts":[{"id":900,"url":"https:\/\/vrysac.es\/webwp\/sacos-de-malla-la-opcion-practica-y-visual-para-un-envasado-eficiente\/","url_meta":{"origin":32,"position":0},"title":"Sacos de Malla: La Opci\u00f3n Pr\u00e1ctica y Visual para un Envasado Eficiente","author":"comercial","date":"19\/06\/2025","format":false,"excerpt":"Compra aqu\u00ed tus sacos de malla Los sacos de malla son una soluci\u00f3n de embalaje muy utilizada por su ligereza, resistencia y ventilaci\u00f3n. En sectores como la agricultura, la alimentaci\u00f3n o la log\u00edstica, estos sacos permiten transportar y almacenar productos a granel de forma segura y eficiente, manteniendo su frescura\u2026","rel":"","context":"Entrada similar","block_context":{"text":"Entrada similar","link":""},"img":{"alt_text":"","src":"https:\/\/i0.wp.com\/vrysac.es\/webwp\/wp-content\/uploads\/2025\/06\/sacos_malla_contenido.jpg?resize=350%2C200&ssl=1","width":350,"height":200,"srcset":"https:\/\/i0.wp.com\/vrysac.es\/webwp\/wp-content\/uploads\/2025\/06\/sacos_malla_contenido.jpg?resize=350%2C200&ssl=1 1x, https:\/\/i0.wp.com\/vrysac.es\/webwp\/wp-content\/uploads\/2025\/06\/sacos_malla_contenido.jpg?resize=525%2C300&ssl=1 1.5x, https:\/\/i0.wp.com\/vrysac.es\/webwp\/wp-content\/uploads\/2025\/06\/sacos_malla_contenido.jpg?resize=700%2C400&ssl=1 2x, https:\/\/i0.wp.com\/vrysac.es\/webwp\/wp-content\/uploads\/2025\/06\/sacos_malla_contenido.jpg?resize=1050%2C600&ssl=1 3x, https:\/\/i0.wp.com\/vrysac.es\/webwp\/wp-content\/uploads\/2025\/06\/sacos_malla_contenido.jpg?resize=1400%2C800&ssl=1 4x"},"classes":[]},{"id":1103,"url":"https:\/\/vrysac.es\/webwp\/impresion-de-sacos-personaliza-tu-embalaje-y-refuerza-tu-marca\/","url_meta":{"origin":32,"position":1},"title":"Impresi\u00f3n de Sacos: Personaliza tu Embalaje y Refuerza tu Marca","author":"comercial","date":"01\/07\/2025","format":false,"excerpt":"En Vrysac, sabemos que el embalaje no solo protege: tambi\u00e9n comunica. Por eso, te ofrecemos nuestro servicio de impresi\u00f3n personalizada de sacos, con el que podr\u00e1s destacar tu marca y aportar informaci\u00f3n relevante directamente sobre el envase. \ud83c\udfa8 \u00bfQu\u00e9 tipos de saco imprimimos? Contamos con experiencia en la impresi\u00f3n sobre\u2026","rel":"","context":"Entrada similar","block_context":{"text":"Entrada similar","link":""},"img":{"alt_text":"","src":"https:\/\/i0.wp.com\/vrysac.es\/webwp\/wp-content\/uploads\/2025\/07\/Descargar-imagen-comprimida-2.jpg?resize=350%2C200&ssl=1","width":350,"height":200,"srcset":"https:\/\/i0.wp.com\/vrysac.es\/webwp\/wp-content\/uploads\/2025\/07\/Descargar-imagen-comprimida-2.jpg?resize=350%2C200&ssl=1 1x, https:\/\/i0.wp.com\/vrysac.es\/webwp\/wp-content\/uploads\/2025\/07\/Descargar-imagen-comprimida-2.jpg?resize=525%2C300&ssl=1 1.5x, https:\/\/i0.wp.com\/vrysac.es\/webwp\/wp-content\/uploads\/2025\/07\/Descargar-imagen-comprimida-2.jpg?resize=700%2C400&ssl=1 2x, https:\/\/i0.wp.com\/vrysac.es\/webwp\/wp-content\/uploads\/2025\/07\/Descargar-imagen-comprimida-2.jpg?resize=1050%2C600&ssl=1 3x, https:\/\/i0.wp.com\/vrysac.es\/webwp\/wp-content\/uploads\/2025\/07\/Descargar-imagen-comprimida-2.jpg?resize=1400%2C800&ssl=1 4x"},"classes":[]},{"id":903,"url":"https:\/\/vrysac.es\/webwp\/sacos-de-yute-resistencia-natural-tradicion-y-sostenibilidad-en-tu-embalaje\/","url_meta":{"origin":32,"position":2},"title":"Sacos de Yute: resistencia natural, tradici\u00f3n y sostenibilidad en tu embalaje.","author":"comercial","date":"19\/06\/2025","format":false,"excerpt":"Compra aqu\u00ed tus sacos de yute Los sacos de yute son una de las opciones m\u00e1s valoradas cuando se busca un embalaje resistente, ecol\u00f3gico y con car\u00e1cter tradicional. Utilizados durante d\u00e9cadas en sectores como la agricultura, la alimentaci\u00f3n o la decoraci\u00f3n, su popularidad se mantiene hoy gracias a su versatilidad,\u2026","rel":"","context":"Entrada similar","block_context":{"text":"Entrada similar","link":""},"img":{"alt_text":"","src":"https:\/\/i0.wp.com\/vrysac.es\/webwp\/wp-content\/uploads\/2025\/06\/Photoroom_20250619_131133.jpeg?resize=350%2C200&ssl=1","width":350,"height":200,"srcset":"https:\/\/i0.wp.com\/vrysac.es\/webwp\/wp-content\/uploads\/2025\/06\/Photoroom_20250619_131133.jpeg?resize=350%2C200&ssl=1 1x, https:\/\/i0.wp.com\/vrysac.es\/webwp\/wp-content\/uploads\/2025\/06\/Photoroom_20250619_131133.jpeg?resize=525%2C300&ssl=1 1.5x, https:\/\/i0.wp.com\/vrysac.es\/webwp\/wp-content\/uploads\/2025\/06\/Photoroom_20250619_131133.jpeg?resize=700%2C400&ssl=1 2x, https:\/\/i0.wp.com\/vrysac.es\/webwp\/wp-content\/uploads\/2025\/06\/Photoroom_20250619_131133.jpeg?resize=1050%2C600&ssl=1 3x"},"classes":[]},{"id":447,"url":"https:\/\/vrysac.es\/webwp\/sacos\/","url_meta":{"origin":32,"position":3},"title":"Sacos","author":"comercial","date":"10\/06\/2025","format":false,"excerpt":"","rel":"","context":"Entrada similar","block_context":{"text":"Entrada similar","link":""},"img":{"alt_text":"","src":"","width":0,"height":0},"classes":[]},{"id":892,"url":"https:\/\/vrysac.es\/webwp\/sacos-de-papel-la-opcion-sostenible-y-funcional-para-un-embalaje-consciente\/","url_meta":{"origin":32,"position":4},"title":"Sacos de Papel: La Opci\u00f3n Sostenible y Funcional para un Embalaje Consciente","author":"comercial","date":"19\/06\/2025","format":false,"excerpt":"Compra aqu\u00ed tus sacos de papel En un mundo cada vez m\u00e1s enfocado en la sostenibilidad y la responsabilidad ambiental, los\u00a0sacos de papel\u00a0est\u00e1n viviendo un resurgimiento notable. M\u00e1s all\u00e1 de su imagen cl\u00e1sica, estos\u00a0envases de papel\u00a0han evolucionado significativamente para ofrecer soluciones de embalaje robustas, funcionales y, sobre todo, altamente ecol\u00f3gicas.\u2026","rel":"","context":"Entrada similar","block_context":{"text":"Entrada similar","link":""},"img":{"alt_text":"","src":"https:\/\/i0.wp.com\/vrysac.es\/webwp\/wp-content\/uploads\/2025\/06\/Photoroom_20250627_065517.jpg?resize=350%2C200&ssl=1","width":350,"height":200,"srcset":"https:\/\/i0.wp.com\/vrysac.es\/webwp\/wp-content\/uploads\/2025\/06\/Photoroom_20250627_065517.jpg?resize=350%2C200&ssl=1 1x, https:\/\/i0.wp.com\/vrysac.es\/webwp\/wp-content\/uploads\/2025\/06\/Photoroom_20250627_065517.jpg?resize=525%2C300&ssl=1 1.5x, https:\/\/i0.wp.com\/vrysac.es\/webwp\/wp-content\/uploads\/2025\/06\/Photoroom_20250627_065517.jpg?resize=700%2C400&ssl=1 2x, https:\/\/i0.wp.com\/vrysac.es\/webwp\/wp-content\/uploads\/2025\/06\/Photoroom_20250627_065517.jpg?resize=1050%2C600&ssl=1 3x"},"classes":[]},{"id":897,"url":"https:\/\/vrysac.es\/webwp\/los-sacos-de-rafia-la-solucion-versatil-y-resistente-para-tus-necesidades-de-embalaje\/","url_meta":{"origin":32,"position":5},"title":"Los Sacos de Rafia: La Soluci\u00f3n Vers\u00e1til y Resistente para tus Necesidades de Embalaje","author":"comercial","date":"19\/06\/2025","format":false,"excerpt":"Compra aqu\u00ed tus sacos de rafia En el vasto universo del embalaje, los\u00a0sacos de rafia\u00a0se erigen como una de las opciones m\u00e1s populares, vers\u00e1tiles y econ\u00f3micas. Su robustez y adaptabilidad los han convertido en la elecci\u00f3n predilecta para una innumerable cantidad de industrias alrededor del globo. Pero, \u00bfqu\u00e9 hace que\u2026","rel":"","context":"Entrada similar","block_context":{"text":"Entrada similar","link":""},"img":{"alt_text":"","src":"https:\/\/i0.wp.com\/vrysac.es\/webwp\/wp-content\/uploads\/2025\/07\/ChatGPT-Image-5-jul-2025-12_27_42.png?resize=350%2C200&ssl=1","width":350,"height":200,"srcset":"https:\/\/i0.wp.com\/vrysac.es\/webwp\/wp-content\/uploads\/2025\/07\/ChatGPT-Image-5-jul-2025-12_27_42.png?resize=350%2C200&ssl=1 1x, https:\/\/i0.wp.com\/vrysac.es\/webwp\/wp-content\/uploads\/2025\/07\/ChatGPT-Image-5-jul-2025-12_27_42.png?resize=525%2C300&ssl=1 1.5x, https:\/\/i0.wp.com\/vrysac.es\/webwp\/wp-content\/uploads\/2025\/07\/ChatGPT-Image-5-jul-2025-12_27_42.png?resize=700%2C400&ssl=1 2x"},"classes":[]}],"jetpack_sharing_enabled":true,"jetpack_shortlink":"https:\/\/wp.me\/Pdfblz-w","_links":{"self":[{"href":"https:\/\/vrysac.es\/webwp\/wp-json\/wp\/v2\/pages\/32","targetHints":{"allow":["GET"]}}],"collection":[{"href":"https:\/\/vrysac.es\/webwp\/wp-json\/wp\/v2\/pages"}],"about":[{"href":"https:\/\/vrysac.es\/webwp\/wp-json\/wp\/v2\/types\/page"}],"author":[{"embeddable":true,"href":"https:\/\/vrysac.es\/webwp\/wp-json\/wp\/v2\/users\/1"}],"replies":[{"embeddable":true,"href":"https:\/\/vrysac.es\/webwp\/wp-json\/wp\/v2\/comments?post=32"}],"version-history":[{"count":17,"href":"https:\/\/vrysac.es\/webwp\/wp-json\/wp\/v2\/pages\/32\/revisions"}],"predecessor-version":[{"id":1814,"href":"https:\/\/vrysac.es\/webwp\/wp-json\/wp\/v2\/pages\/32\/revisions\/1814"}],"wp:attachment":[{"href":"https:\/\/vrysac.es\/webwp\/wp-json\/wp\/v2\/media?parent=32"}],"curies":[{"name":"wp","href":"https:\/\/api.w.org\/{rel}","templated":true}]}}